{"id":106,"date":"2023-12-28T12:33:09","date_gmt":"2023-12-28T11:33:09","guid":{"rendered":"https:\/\/wordpress.goetzbuam.de\/?page_id=106"},"modified":"2024-03-29T14:40:34","modified_gmt":"2024-03-29T13:40:34","slug":"medien","status":"publish","type":"page","link":"https:\/\/goetzbuam.de\/?page_id=106","title":{"rendered":"Medien"},"content":{"rendered":"\n<h2 class=\"wp-block-heading\">Das Live Video der G\u00f6tz Buam &#8211; Tour 2023<\/h2>\n\n\n\n<figure class=\"wp-block-embed is-type-video is-provider-youtube wp-block-embed-youtube wp-embed-aspect-16-9 wp-has-aspect-ratio\"><div class=\"wp-block-embed__wrapper\">\n<iframe loading=\"lazy\" title=\"Go\u0308tz Buam Trailer 2023\" width=\"500\" height=\"281\" src=\"https:\/\/www.youtube.com\/embed\/1dPgUK_kEB0?feature=oembed\" frameborder=\"0\" allow=\"accelerometer; autoplay; clipboard-write; encrypted-media; gyroscope; picture-in-picture; web-share\" referrerpolicy=\"strict-origin-when-cross-origin\" allowfullscreen><\/iframe>\n<\/div><\/figure>\n\n\n\n<p><\/p>\n\n\n\n<h2 class=\"wp-block-heading\">Die CD der G\u00f6tz Buam &#8222;Mit Herz und Schwung&#8220;<\/h2>\n\n\n\n<div class=\"wp-block-columns is-layout-flex wp-container-core-columns-is-layout-1 wp-block-columns-is-layout-flex\">\n<div class=\"wp-block-column is-layout-flow wp-block-column-is-layout-flow\">\n<figure class=\"wp-block-image size-full is-style-default\"><img loading=\"lazy\" decoding=\"async\" width=\"800\" height=\"792\" src=\"http:\/\/wordpress.goetzbuam.de\/wp-content\/uploads\/2024\/01\/cd-cover1.jpg\" alt=\"\" class=\"wp-image-573\" srcset=\"https:\/\/goetzbuam.de\/wp-content\/uploads\/2024\/01\/cd-cover1.jpg 800w, https:\/\/goetzbuam.de\/wp-content\/uploads\/2024\/01\/cd-cover1-300x297.jpg 300w, https:\/\/goetzbuam.de\/wp-content\/uploads\/2024\/01\/cd-cover1-150x150.jpg 150w, https:\/\/goetzbuam.de\/wp-content\/uploads\/2024\/01\/cd-cover1-768x760.jpg 768w\" sizes=\"(max-width: 800px) 100vw, 800px\" \/><\/figure>\n<\/div>\n\n\n\n<div class=\"wp-block-column is-layout-flow wp-block-column-is-layout-flow\">\n<figure class=\"wp-block-image size-full\"><img loading=\"lazy\" decoding=\"async\" width=\"800\" height=\"727\" src=\"http:\/\/wordpress.goetzbuam.de\/wp-content\/uploads\/2024\/01\/cd-cover2.jpg\" alt=\"\" class=\"wp-image-574\" srcset=\"https:\/\/goetzbuam.de\/wp-content\/uploads\/2024\/01\/cd-cover2.jpg 800w, https:\/\/goetzbuam.de\/wp-content\/uploads\/2024\/01\/cd-cover2-300x273.jpg 300w, https:\/\/goetzbuam.de\/wp-content\/uploads\/2024\/01\/cd-cover2-768x698.jpg 768w\" sizes=\"(max-width: 800px) 100vw, 800px\" \/><\/figure>\n<\/div>\n<\/div>\n\n\n\n<h3 class=\"wp-block-heading\">H\u00f6rbeispiele (30 sek.)<\/h3>\n\n\n\n<figure class=\"wp-block-audio\"><audio controls src=\"http:\/\/wordpress.goetzbuam.de\/wp-content\/uploads\/2024\/01\/DieGoetzBuam-MitHerzundSchwung.mp3\"><\/audio><figcaption class=\"wp-element-caption\">1 Mit Herz und Schwung<\/figcaption><\/figure>\n\n\n\n<figure class=\"wp-block-audio\"><audio controls src=\"http:\/\/wordpress.goetzbuam.de\/wp-content\/uploads\/2024\/01\/DieGoetzBuam-EinZigeunerkind.mp3\"><\/audio><figcaption class=\"wp-element-caption\">2 Ein Zigeunerkind<\/figcaption><\/figure>\n\n\n\n<figure class=\"wp-block-audio\"><audio controls src=\"https:\/\/wordpress.goetzbuam.de\/wp-content\/uploads\/2024\/01\/DieGoetzBuam-AhaPolka-2.mp3\"><\/audio><figcaption class=\"wp-element-caption\">3 Aha Polka<\/figcaption><\/figure>\n\n\n\n<figure class=\"wp-block-audio\"><audio controls src=\"http:\/\/wordpress.goetzbuam.de\/wp-content\/uploads\/2024\/01\/DieGoetzBuam-KindervonderEger.mp3\"><\/audio><figcaption class=\"wp-element-caption\">4 Wir sind Kinder von der Eger<\/figcaption><\/figure>\n\n\n\n<figure class=\"wp-block-audio\"><audio controls src=\"https:\/\/wordpress.goetzbuam.de\/wp-content\/uploads\/2024\/01\/DieGoetzBuam-MariechenPolka-1.mp3\"><\/audio><figcaption class=\"wp-element-caption\">5 Mariechen Polka<\/figcaption><\/figure>\n\n\n\n<figure class=\"wp-block-audio\"><audio controls src=\"https:\/\/wordpress.goetzbuam.de\/wp-content\/uploads\/2024\/01\/DieGoetzBuam-Darfichbitten-1.mp3\"><\/audio><figcaption class=\"wp-element-caption\">6 Darf ich bitten bei sch\u00f6ner Blasmusik<\/figcaption><\/figure>\n\n\n\n<figure class=\"wp-block-audio\"><audio controls src=\"http:\/\/wordpress.goetzbuam.de\/wp-content\/uploads\/2024\/01\/DieGoetzBuam-ZweiSchuezenjaeger.mp3\"><\/audio><figcaption class=\"wp-element-caption\">7 Zwei Sch\u00fcrzenj\u00e4ger<\/figcaption><\/figure>\n\n\n\n<figure class=\"wp-block-audio\"><audio controls src=\"https:\/\/wordpress.goetzbuam.de\/wp-content\/uploads\/2024\/01\/DieGoetzBuam-Traraesbrennt-1.mp3\"><\/audio><figcaption class=\"wp-element-caption\">8 Trara es Brennt<\/figcaption><\/figure>\n\n\n\n<figure class=\"wp-block-audio\"><audio controls src=\"https:\/\/wordpress.goetzbuam.de\/wp-content\/uploads\/2024\/01\/DieGoetzBuam-rotsinddieRosen-1.mp3\"><\/audio><figcaption class=\"wp-element-caption\">9 Rot sind die Rosen<\/figcaption><\/figure>\n\n\n\n<figure class=\"wp-block-audio\"><audio controls src=\"https:\/\/wordpress.goetzbuam.de\/wp-content\/uploads\/2024\/01\/DieGoetzBuam-Logologo-1.mp3\"><\/audio><figcaption class=\"wp-element-caption\">10 Logo Logo<\/figcaption><\/figure>\n\n\n\n<figure class=\"wp-block-audio\"><audio controls src=\"https:\/\/wordpress.goetzbuam.de\/wp-content\/uploads\/2024\/01\/DieGoetzBuam-Wirsindalleueber40-1.mp3\"><\/audio><figcaption class=\"wp-element-caption\">11 Wir sind alle \u00fcber Vierzig<\/figcaption><\/figure>\n\n\n\n<figure class=\"wp-block-audio\"><audio controls src=\"https:\/\/wordpress.goetzbuam.de\/wp-content\/uploads\/2024\/01\/DieGoetzBuam-SommerinderStadt-1.mp3\"><\/audio><figcaption class=\"wp-element-caption\">12 Sommer in der Stadt<\/figcaption><\/figure>\n\n\n\n<figure class=\"wp-block-audio\"><audio controls src=\"https:\/\/wordpress.goetzbuam.de\/wp-content\/uploads\/2024\/01\/DieGoetzBuam-HeyJude-2.mp3\"><\/audio><figcaption class=\"wp-element-caption\">13 Hey Jude<\/figcaption><\/figure>\n\n\n\n<figure class=\"wp-block-audio\"><audio controls src=\"https:\/\/wordpress.goetzbuam.de\/wp-content\/uploads\/2024\/01\/DieGoetzBuam-CountryRoads-1.mp3\"><\/audio><figcaption class=\"wp-element-caption\">14 Country Roads<\/figcaption><\/figure>\n\n\n\n<figure class=\"wp-block-audio\"><audio controls src=\"https:\/\/wordpress.goetzbuam.de\/wp-content\/uploads\/2024\/01\/DieGoetzBuam-IchwarnochniemalsinNewYork-1.mp3\"><\/audio><figcaption class=\"wp-element-caption\">15 Ich war noch niemals in New York<\/figcaption><\/figure>\n","protected":false},"excerpt":{"rendered":"<div class=\"mh-excerpt\"><p>Das Live Video der G\u00f6tz Buam &#8211; Tour 2023 Die CD der G\u00f6tz Buam &#8222;Mit Herz und Schwung&#8220; H\u00f6rbeispiele (30 sek.)<\/p>\n<\/div>","protected":false},"author":1,"featured_media":0,"parent":0,"menu_order":0,"comment_status":"closed","ping_status":"closed","template":"","meta":{"footnotes":""},"_links":{"self":[{"href":"https:\/\/goetzbuam.de\/index.php?rest_route=\/wp\/v2\/pages\/106"}],"collection":[{"href":"https:\/\/goetzbuam.de\/index.php?rest_route=\/wp\/v2\/pages"}],"about":[{"href":"https:\/\/goetzbuam.de\/index.php?rest_route=\/wp\/v2\/types\/page"}],"author":[{"embeddable":true,"href":"https:\/\/goetzbuam.de\/index.php?rest_route=\/wp\/v2\/users\/1"}],"replies":[{"embeddable":true,"href":"https:\/\/goetzbuam.de\/index.php?rest_route=%2Fwp%2Fv2%2Fcomments&post=106"}],"version-history":[{"count":23,"href":"https:\/\/goetzbuam.de\/index.php?rest_route=\/wp\/v2\/pages\/106\/revisions"}],"predecessor-version":[{"id":1275,"href":"https:\/\/goetzbuam.de\/index.php?rest_route=\/wp\/v2\/pages\/106\/revisions\/1275"}],"wp:attachment":[{"href":"https:\/\/goetzbuam.de\/index.php?rest_route=%2Fwp%2Fv2%2Fmedia&parent=106"}],"curies":[{"name":"wp","href":"https:\/\/api.w.org\/{rel}","templated":true}]}}